{"id":204,"date":"2025-08-04T16:44:15","date_gmt":"2025-08-04T16:44:15","guid":{"rendered":"https:\/\/xn--gard-maonnerie-beziers-56b.fr\/?page_id=204"},"modified":"2025-08-04T18:15:37","modified_gmt":"2025-08-04T18:15:37","slug":"quelques-une-de-nos-realisations","status":"publish","type":"page","link":"https:\/\/xn--gard-maonnerie-beziers-56b.fr\/index.php\/quelques-une-de-nos-realisations\/","title":{"rendered":"Nos r\u00e9alisations"},"content":{"rendered":"\n<h1 class=\"wp-block-heading\">Quelques unes de nos r\u00e9alisations<\/h1>\n\n\n\n<p><\/p>\n\n\n\n<figure class=\"wp-block-gallery has-nested-images columns-default is-cropped wp-block-gallery-1 is-layout-flex wp-block-gallery-is-layout-flex\"><\/figure>\n\n\n\n<div class=\"wp-block-media-text is-stacked-on-mobile\"><figure class=\"wp-block-media-text__media\"><img loading=\"lazy\" decoding=\"async\" width=\"768\" height=\"1024\" src=\"https:\/\/xn--gard-maonnerie-beziers-56b.fr\/wp-content\/uploads\/2025\/08\/WhatsApp-Image-2025-08-04-at-18.55.01-768x1024.jpeg\" alt=\"\" class=\"wp-image-305 size-full\" srcset=\"https:\/\/xn--gard-maonnerie-beziers-56b.fr\/wp-content\/uploads\/2025\/08\/WhatsApp-Image-2025-08-04-at-18.55.01-768x1024.jpeg 768w, https:\/\/xn--gard-maonnerie-beziers-56b.fr\/wp-content\/uploads\/2025\/08\/WhatsApp-Image-2025-08-04-at-18.55.01-225x300.jpeg 225w, https:\/\/xn--gard-maonnerie-beziers-56b.fr\/wp-content\/uploads\/2025\/08\/WhatsApp-Image-2025-08-04-at-18.55.01-1152x1536.jpeg 1152w, https:\/\/xn--gard-maonnerie-beziers-56b.fr\/wp-content\/uploads\/2025\/08\/WhatsApp-Image-2025-08-04-at-18.55.01.jpeg 1500w\" sizes=\"auto, (max-width: 767px) 89vw, (max-width: 1000px) 54vw, (max-width: 1071px) 543px, 580px\" \/><\/figure><div class=\"wp-block-media-text__content\">\n<p><strong>Pens\u00e9, dessin\u00e9, r\u00e9alis\u00e9 par nos soins.<\/strong><br>Une ex\u00e9cution millim\u00e9tr\u00e9e, du d\u00e9but \u00e0 la fin.<\/p>\n<\/div><\/div>\n\n\n\n<div class=\"wp-block-media-text has-media-on-the-right is-stacked-on-mobile\"><div class=\"wp-block-media-text__content\">\n<p><strong>Un projet unique, une r\u00e9alisation sur-mesure.<\/strong><br>Chaque chantier a son histoire. Celle-ci est taill\u00e9e dans le d\u00e9tail.<\/p>\n<\/div><figure class=\"wp-block-media-text__media\"><img loading=\"lazy\" decoding=\"async\" width=\"1024\" height=\"768\" src=\"https:\/\/xn--gard-maonnerie-beziers-56b.fr\/wp-content\/uploads\/2025\/08\/WhatsApp-Image-2025-08-04-at-18.41.03-4-1024x768.jpeg\" alt=\"\" class=\"wp-image-302 size-full\" srcset=\"https:\/\/xn--gard-maonnerie-beziers-56b.fr\/wp-content\/uploads\/2025\/08\/WhatsApp-Image-2025-08-04-at-18.41.03-4-1024x768.jpeg 1024w, https:\/\/xn--gard-maonnerie-beziers-56b.fr\/wp-content\/uploads\/2025\/08\/WhatsApp-Image-2025-08-04-at-18.41.03-4-300x225.jpeg 300w, https:\/\/xn--gard-maonnerie-beziers-56b.fr\/wp-content\/uploads\/2025\/08\/WhatsApp-Image-2025-08-04-at-18.41.03-4-768x576.jpeg 768w, https:\/\/xn--gard-maonnerie-beziers-56b.fr\/wp-content\/uploads\/2025\/08\/WhatsApp-Image-2025-08-04-at-18.41.03-4.jpeg 1296w\" sizes=\"auto, (max-width: 767px) 89vw, (max-width: 1000px) 54vw, (max-width: 1071px) 543px, 580px\" \/><\/figure><\/div>\n\n\n\n<div class=\"wp-block-media-text is-stacked-on-mobile\"><figure class=\"wp-block-media-text__media\"><img loading=\"lazy\" decoding=\"async\" width=\"768\" height=\"1024\" src=\"https:\/\/xn--gard-maonnerie-beziers-56b.fr\/wp-content\/uploads\/2025\/08\/WhatsApp-Image-2025-08-04-at-18.53.26-1-1-768x1024.jpeg\" alt=\"\" class=\"wp-image-306 size-full\" srcset=\"https:\/\/xn--gard-maonnerie-beziers-56b.fr\/wp-content\/uploads\/2025\/08\/WhatsApp-Image-2025-08-04-at-18.53.26-1-1-768x1024.jpeg 768w, https:\/\/xn--gard-maonnerie-beziers-56b.fr\/wp-content\/uploads\/2025\/08\/WhatsApp-Image-2025-08-04-at-18.53.26-1-1-225x300.jpeg 225w, https:\/\/xn--gard-maonnerie-beziers-56b.fr\/wp-content\/uploads\/2025\/08\/WhatsApp-Image-2025-08-04-at-18.53.26-1-1-1152x1536.jpeg 1152w, https:\/\/xn--gard-maonnerie-beziers-56b.fr\/wp-content\/uploads\/2025\/08\/WhatsApp-Image-2025-08-04-at-18.53.26-1-1.jpeg 1200w\" sizes=\"auto, (max-width: 767px) 89vw, (max-width: 1000px) 54vw, (max-width: 1071px) 543px, 580px\" \/><\/figure><div class=\"wp-block-media-text__content\">\n<p><strong>Cr\u00e9er un espace qui vous ressemble.<\/strong><br>C\u2019est tout l\u2019objectif de notre m\u00e9tier.<\/p>\n<\/div><\/div>\n\n\n\n<figure class=\"wp-block-gallery has-nested-images columns-default is-cropped wp-block-gallery-2 is-layout-flex wp-block-gallery-is-layout-flex\">\n<figure class=\"wp-block-image size-large\"><img loading=\"lazy\" decoding=\"async\" width=\"768\" height=\"1024\" data-id=\"308\" src=\"https:\/\/xn--gard-maonnerie-beziers-56b.fr\/wp-content\/uploads\/2025\/08\/WhatsApp-Image-2025-08-04-at-18.39.18-1-768x1024.jpeg\" alt=\"\" class=\"wp-image-308\" srcset=\"https:\/\/xn--gard-maonnerie-beziers-56b.fr\/wp-content\/uploads\/2025\/08\/WhatsApp-Image-2025-08-04-at-18.39.18-1-768x1024.jpeg 768w, https:\/\/xn--gard-maonnerie-beziers-56b.fr\/wp-content\/uploads\/2025\/08\/WhatsApp-Image-2025-08-04-at-18.39.18-1-225x300.jpeg 225w, https:\/\/xn--gard-maonnerie-beziers-56b.fr\/wp-content\/uploads\/2025\/08\/WhatsApp-Image-2025-08-04-at-18.39.18-1-1152x1536.jpeg 1152w, https:\/\/xn--gard-maonnerie-beziers-56b.fr\/wp-content\/uploads\/2025\/08\/WhatsApp-Image-2025-08-04-at-18.39.18-1.jpeg 1200w\" sizes=\"auto, (max-width: 767px) 89vw, (max-width: 1000px) 54vw, (max-width: 1071px) 543px, 580px\" \/><\/figure>\n\n\n\n<figure class=\"wp-block-image size-large\"><img loading=\"lazy\" decoding=\"async\" width=\"768\" height=\"1024\" data-id=\"307\" src=\"https:\/\/xn--gard-maonnerie-beziers-56b.fr\/wp-content\/uploads\/2025\/08\/WhatsApp-Image-2025-08-04-at-18.38.39-1-1-768x1024.jpeg\" alt=\"\" class=\"wp-image-307\" srcset=\"https:\/\/xn--gard-maonnerie-beziers-56b.fr\/wp-content\/uploads\/2025\/08\/WhatsApp-Image-2025-08-04-at-18.38.39-1-1-768x1024.jpeg 768w, https:\/\/xn--gard-maonnerie-beziers-56b.fr\/wp-content\/uploads\/2025\/08\/WhatsApp-Image-2025-08-04-at-18.38.39-1-1-225x300.jpeg 225w, https:\/\/xn--gard-maonnerie-beziers-56b.fr\/wp-content\/uploads\/2025\/08\/WhatsApp-Image-2025-08-04-at-18.38.39-1-1-1152x1536.jpeg 1152w, https:\/\/xn--gard-maonnerie-beziers-56b.fr\/wp-content\/uploads\/2025\/08\/WhatsApp-Image-2025-08-04-at-18.38.39-1-1.jpeg 1200w\" sizes=\"auto, (max-width: 767px) 89vw, (max-width: 1000px) 54vw, (max-width: 1071px) 543px, 580px\" \/><\/figure>\n<\/figure>\n","protected":false},"excerpt":{"rendered":"<p>Quelques unes de nos r\u00e9alisations Pens\u00e9, dessin\u00e9, r\u00e9alis\u00e9 par nos soins.Une ex\u00e9cution millim\u00e9tr\u00e9e, du d\u00e9but \u00e0 la fin. Un projet unique, une r\u00e9alisation sur-mesure.Chaque chantier a son histoire. Celle-ci est taill\u00e9e dans le d\u00e9tail. Cr\u00e9er un espace qui vous ressemble.C\u2019est tout l\u2019objectif de notre m\u00e9tier.<\/p>\n","protected":false},"author":1,"featured_media":0,"parent":0,"menu_order":0,"comment_status":"closed","ping_status":"closed","template":"","meta":{"footnotes":""},"class_list":["post-204","page","type-page","status-publish","hentry"],"_links":{"self":[{"href":"https:\/\/xn--gard-maonnerie-beziers-56b.fr\/index.php\/wp-json\/wp\/v2\/pages\/204","targetHints":{"allow":["GET"]}}],"collection":[{"href":"https:\/\/xn--gard-maonnerie-beziers-56b.fr\/index.php\/wp-json\/wp\/v2\/pages"}],"about":[{"href":"https:\/\/xn--gard-maonnerie-beziers-56b.fr\/index.php\/wp-json\/wp\/v2\/types\/page"}],"author":[{"embeddable":true,"href":"https:\/\/xn--gard-maonnerie-beziers-56b.fr\/index.php\/wp-json\/wp\/v2\/users\/1"}],"replies":[{"embeddable":true,"href":"https:\/\/xn--gard-maonnerie-beziers-56b.fr\/index.php\/wp-json\/wp\/v2\/comments?post=204"}],"version-history":[{"count":4,"href":"https:\/\/xn--gard-maonnerie-beziers-56b.fr\/index.php\/wp-json\/wp\/v2\/pages\/204\/revisions"}],"predecessor-version":[{"id":310,"href":"https:\/\/xn--gard-maonnerie-beziers-56b.fr\/index.php\/wp-json\/wp\/v2\/pages\/204\/revisions\/310"}],"wp:attachment":[{"href":"https:\/\/xn--gard-maonnerie-beziers-56b.fr\/index.php\/wp-json\/wp\/v2\/media?parent=204"}],"curies":[{"name":"wp","href":"https:\/\/api.w.org\/{rel}","templated":true}]}}