{"id":163,"date":"2025-08-04T13:10:26","date_gmt":"2025-08-04T13:10:26","guid":{"rendered":"https:\/\/xn--gard-maonnerie-beziers-56b.fr\/?page_id=163"},"modified":"2025-08-04T16:25:39","modified_gmt":"2025-08-04T16:25:39","slug":"contact","status":"publish","type":"page","link":"https:\/\/xn--gard-maonnerie-beziers-56b.fr\/index.php\/contact\/","title":{"rendered":"Contact"},"content":{"rendered":"\n<div class=\"wp-block-media-text is-stacked-on-mobile\"><figure class=\"wp-block-media-text__media\"><img loading=\"lazy\" decoding=\"async\" width=\"1024\" height=\"768\" src=\"https:\/\/xn--gard-maonnerie-beziers-56b.fr\/wp-content\/uploads\/2025\/04\/IMG20210922153641-1024x768.jpg\" alt=\"\" class=\"wp-image-136 size-full\" srcset=\"https:\/\/xn--gard-maonnerie-beziers-56b.fr\/wp-content\/uploads\/2025\/04\/IMG20210922153641-1024x768.jpg 1024w, https:\/\/xn--gard-maonnerie-beziers-56b.fr\/wp-content\/uploads\/2025\/04\/IMG20210922153641-300x225.jpg 300w, https:\/\/xn--gard-maonnerie-beziers-56b.fr\/wp-content\/uploads\/2025\/04\/IMG20210922153641-768x576.jpg 768w, https:\/\/xn--gard-maonnerie-beziers-56b.fr\/wp-content\/uploads\/2025\/04\/IMG20210922153641-1536x1152.jpg 1536w, https:\/\/xn--gard-maonnerie-beziers-56b.fr\/wp-content\/uploads\/2025\/04\/IMG20210922153641-2048x1536.jpg 2048w\" sizes=\"auto, (max-width: 767px) 89vw, (max-width: 1000px) 54vw, (max-width: 1071px) 543px, 580px\" \/><\/figure><div class=\"wp-block-media-text__content\">\n<p>\ud83d\udcde <strong>Contact &amp; Prise de Rendez-vous<\/strong><\/p>\n\n\n\n<p>Vous avez un projet de construction, de r\u00e9novation ou de petits travaux ?<br><strong>Faites appel \u00e0 un professionnel de confiance, r\u00e9actif et \u00e0 l\u2019\u00e9coute de vos besoins.<\/strong><\/p>\n\n\n\n<p>Nous intervenons sur mesure pour tous types de chantiers : ma\u00e7onnerie g\u00e9n\u00e9rale, r\u00e9novation , am\u00e9nagements ext\u00e9rieurs, r\u00e9parations, finitions, et plus encore.<\/p>\n<\/div><\/div>\n\n\n\n<h3 class=\"wp-block-heading\">\u2705 <strong>Pourquoi nous contacter ?<\/strong><\/h3>\n\n\n<div class=\"wp-block-image\">\n<figure class=\"alignright is-resized\"><img loading=\"lazy\" decoding=\"async\" width=\"1920\" height=\"2560\" src=\"https:\/\/xn--gard-maonnerie-beziers-56b.fr\/wp-content\/uploads\/2025\/04\/20240830_132724-scaled.jpg\" alt=\"\" class=\"wp-image-140\" style=\"width:393px;height:auto\" srcset=\"https:\/\/xn--gard-maonnerie-beziers-56b.fr\/wp-content\/uploads\/2025\/04\/20240830_132724-scaled.jpg 1920w, https:\/\/xn--gard-maonnerie-beziers-56b.fr\/wp-content\/uploads\/2025\/04\/20240830_132724-225x300.jpg 225w, https:\/\/xn--gard-maonnerie-beziers-56b.fr\/wp-content\/uploads\/2025\/04\/20240830_132724-768x1024.jpg 768w, https:\/\/xn--gard-maonnerie-beziers-56b.fr\/wp-content\/uploads\/2025\/04\/20240830_132724-1152x1536.jpg 1152w, https:\/\/xn--gard-maonnerie-beziers-56b.fr\/wp-content\/uploads\/2025\/04\/20240830_132724-1536x2048.jpg 1536w\" sizes=\"auto, (max-width: 767px) 89vw, (max-width: 1000px) 54vw, (max-width: 1071px) 543px, 580px\" \/><\/figure>\n<\/div>\n\n\n<ul class=\"wp-block-list\">\n<li>\ud83d\udcd0 <strong>Devis 100% gratuit<\/strong> et <strong>livr\u00e9 dans les 48 H<\/strong><\/li>\n\n\n\n<li>\ud83d\udee0\ufe0f <strong>Visite sur place<\/strong> pour \u00e9valuer pr\u00e9cis\u00e9ment vos besoins<\/li>\n\n\n\n<li>\ud83d\udd58 <strong>Interventions rapides<\/strong> selon vos disponibilit\u00e9s<\/li>\n\n\n\n<li>\ud83d\udccd <strong>D\u00e9placement dans B\u00e9ziers et alentours <\/strong><\/li>\n<\/ul>\n\n\n\n<h3 class=\"wp-block-heading\">\ud83d\udcc6 <strong>Prenez rendez-vous d\u00e8s maintenant<\/strong><\/h3>\n\n\n\n<div class=\"forminator-guttenberg\"><div class=\"forminator-ui forminator-custom-form forminator-custom-form-200 forminator-design--default  forminator_ajax\" data-forminator-render=\"0\" data-form=\"forminator-module-200\" data-uid=\"69e8cb8f3bce1\"><br\/><\/div><form\n\t\t\t\tid=\"forminator-module-200\"\n\t\t\t\tclass=\"forminator-ui forminator-custom-form forminator-custom-form-200 forminator-design--default  forminator_ajax\"\n\t\t\t\tmethod=\"post\"\n\t\t\t\tdata-forminator-render=\"0\"\n\t\t\t\tdata-form-id=\"200\"\n\t\t\t\t data-color-option=\"theme\" data-design=\"default\" data-grid=\"open\" style=\"display: none;\"\n\t\t\t\tdata-uid=\"69e8cb8f3bce1\"\n\t\t\t><div role=\"alert\" aria-live=\"polite\" class=\"forminator-response-message forminator-error\" aria-hidden=\"true\"><\/div><div class=\"forminator-row\"><div id=\"name-1\" class=\"forminator-field-name forminator-col forminator-col-12 \"><div class=\"forminator-field\"><label for=\"forminator-field-name-1_69e8cb8f3bce1\" id=\"forminator-field-name-1_69e8cb8f3bce1-label\" class=\"forminator-label\">Nom et Pr\u00e9nom <span class=\"forminator-required\">*<\/span><\/label><input type=\"text\" name=\"name-1\" value=\"\" placeholder=\"\" id=\"forminator-field-name-1_69e8cb8f3bce1\" class=\"forminator-input forminator-name--field\" aria-required=\"true\" autocomplete=\"name\" \/><\/div><\/div><\/div><div class=\"forminator-row\"><div id=\"email-1\" class=\"forminator-field-email forminator-col forminator-col-12 \"><div class=\"forminator-field\"><label for=\"forminator-field-email-1_69e8cb8f3bce1\" id=\"forminator-field-email-1_69e8cb8f3bce1-label\" class=\"forminator-label\">E-mail <span class=\"forminator-required\">*<\/span><\/label><input type=\"email\" name=\"email-1\" value=\"\" placeholder=\"\" id=\"forminator-field-email-1_69e8cb8f3bce1\" class=\"forminator-input forminator-email--field\" data-required=\"true\" aria-required=\"true\" autocomplete=\"email\" \/><\/div><\/div><\/div><div class=\"forminator-row\"><div id=\"phone-1\" class=\"forminator-field-phone forminator-col forminator-col-12 \"><div class=\"forminator-field\"><label for=\"forminator-field-phone-1_69e8cb8f3bce1\" id=\"forminator-field-phone-1_69e8cb8f3bce1-label\" class=\"forminator-label\">Num\u00e9ro de t\u00e9l\u00e9phone<\/label><input type=\"text\" name=\"phone-1\" value=\"\" placeholder=\"\" id=\"forminator-field-phone-1_69e8cb8f3bce1\" class=\"forminator-input forminator-field--phone\" data-required=\"\" aria-required=\"false\" autocomplete=\"off\" \/><\/div><\/div><\/div><div class=\"forminator-row\"><div id=\"textarea-1\" class=\"forminator-field-textarea forminator-col forminator-col-12 \"><div class=\"forminator-field\"><label for=\"forminator-field-textarea-1_69e8cb8f3bce1\" id=\"forminator-field-textarea-1_69e8cb8f3bce1-label\" class=\"forminator-label\">Message<\/label><span id=\"forminator-field-textarea-1_69e8cb8f3bce1-description\" class=\"forminator-description\"><span data-limit=\"180\" data-type=\"characters\" data-editor=\"\">0 \/ 180<\/span><\/span><textarea name=\"textarea-1\" placeholder=\"\" id=\"forminator-field-textarea-1_69e8cb8f3bce1\" class=\"forminator-textarea\" rows=\"6\" style=\"--forminator-textarea-min-height:140px;\" maxlength=\"180\" ><\/textarea><\/div><\/div><\/div><input type=\"hidden\" name=\"referer_url\" value=\"\" \/><div class=\"forminator-row forminator-row-last\"><div class=\"forminator-col\"><div class=\"forminator-field\"><button class=\"forminator-button forminator-button-submit\">Envoyer<\/button><\/div><\/div><\/div><input type=\"hidden\" id=\"forminator_nonce\" name=\"forminator_nonce\" value=\"a69d0a2344\" \/><input type=\"hidden\" name=\"_wp_http_referer\" value=\"\/index.php\/wp-json\/wp\/v2\/pages\/163\" \/><input type=\"hidden\" name=\"form_id\" value=\"200\"><input type=\"hidden\" name=\"page_id\" value=\"163\"><input type=\"hidden\" name=\"form_type\" value=\"default\"><input type=\"hidden\" name=\"current_url\" value=\"https:\/\/xn--gard-maonnerie-beziers-56b.fr\/index.php\/contact\/\"><input type=\"hidden\" name=\"render_id\" value=\"0\"><input type=\"hidden\" name=\"action\" value=\"forminator_submit_form_custom-forms\"><\/form><\/div>\n\n\n\n<p><\/p>\n","protected":false},"excerpt":{"rendered":"<p>\ud83d\udcde Contact &amp; Prise de Rendez-vous Vous avez un projet de construction, de r\u00e9novation ou de petits travaux ?Faites appel \u00e0 un professionnel de confiance, r\u00e9actif et \u00e0 l\u2019\u00e9coute de vos besoins. Nous intervenons sur mesure pour tous types de chantiers : ma\u00e7onnerie g\u00e9n\u00e9rale, r\u00e9novation , am\u00e9nagements ext\u00e9rieurs, r\u00e9parations, finitions, et plus encore. \u2705 Pourquoi &hellip; <\/p>\n<p class=\"link-more\"><a href=\"https:\/\/xn--gard-maonnerie-beziers-56b.fr\/index.php\/contact\/\" class=\"more-link\">Continuer la lecture<span class=\"screen-reader-text\"> de &laquo;&nbsp;Contact&nbsp;&raquo;<\/span><\/a><\/p>\n","protected":false},"author":1,"featured_media":0,"parent":0,"menu_order":0,"comment_status":"closed","ping_status":"closed","template":"","meta":{"footnotes":""},"class_list":["post-163","page","type-page","status-publish","hentry"],"_links":{"self":[{"href":"https:\/\/xn--gard-maonnerie-beziers-56b.fr\/index.php\/wp-json\/wp\/v2\/pages\/163","targetHints":{"allow":["GET"]}}],"collection":[{"href":"https:\/\/xn--gard-maonnerie-beziers-56b.fr\/index.php\/wp-json\/wp\/v2\/pages"}],"about":[{"href":"https:\/\/xn--gard-maonnerie-beziers-56b.fr\/index.php\/wp-json\/wp\/v2\/types\/page"}],"author":[{"embeddable":true,"href":"https:\/\/xn--gard-maonnerie-beziers-56b.fr\/index.php\/wp-json\/wp\/v2\/users\/1"}],"replies":[{"embeddable":true,"href":"https:\/\/xn--gard-maonnerie-beziers-56b.fr\/index.php\/wp-json\/wp\/v2\/comments?post=163"}],"version-history":[{"count":12,"href":"https:\/\/xn--gard-maonnerie-beziers-56b.fr\/index.php\/wp-json\/wp\/v2\/pages\/163\/revisions"}],"predecessor-version":[{"id":202,"href":"https:\/\/xn--gard-maonnerie-beziers-56b.fr\/index.php\/wp-json\/wp\/v2\/pages\/163\/revisions\/202"}],"wp:attachment":[{"href":"https:\/\/xn--gard-maonnerie-beziers-56b.fr\/index.php\/wp-json\/wp\/v2\/media?parent=163"}],"curies":[{"name":"wp","href":"https:\/\/api.w.org\/{rel}","templated":true}]}}